{"id":41,"date":"2024-08-16T04:54:46","date_gmt":"2024-08-16T04:54:46","guid":{"rendered":"https:\/\/heritagevietnam.org.vn\/?page_id=41"},"modified":"2025-07-30T09:21:16","modified_gmt":"2025-07-30T09:21:16","slug":"gioi-thieu","status":"publish","type":"page","link":"https:\/\/heritagevietnam.org.vn\/index.php\/gioi-thieu\/","title":{"rendered":"Gi\u1edbi thi\u1ec7u"},"content":{"rendered":"<p><!-- GI\u1edaI THI\u1ec6U --><\/p>\n<div style=\"max-width: 900px; margin: auto; text-align: justify; line-height: 1.6; font-size: 16px;\">\n<p>\n    L\u1ecbch s\u1eed h\u00e0ng ngh\u00ecn n\u0103m d\u1ef1ng n\u01b0\u1edbc v\u00e0 gi\u1eef n\u01b0\u1edbc c\u1ee7a d\u00e2n t\u1ed9c ta \u0111\u00e3 b\u1ed3i \u0111\u1eafp n\u00ean b\u1ea3n l\u0129nh, tr\u00ed tu\u1ec7 c\u1ee7a con ng\u01b0\u1eddi Vi\u1ec7t Nam,<br \/>\n    k\u1ebft tinh th\u00e0nh c\u00e1c gi\u00e1 tr\u1ecb v\u0103n ho\u00e1 \u2013 t\u1ea1o n\u00ean s\u1ee9c m\u1ea1nh n\u1ed9i sinh gi\u00fap d\u00e2n t\u1ed9c v\u01b0\u1ee3t qua v\u00f4 v\u00e0n kh\u00f3 kh\u0103n, th\u1eed th\u00e1ch kh\u1eafc nghi\u1ec7t \u0111\u1ec3 \u0111i \u0111\u1ebfn nh\u1eefng th\u1eafng l\u1ee3i v\u1ebb vang.<br \/>\n    Trong b\u1ed1i c\u1ea3nh m\u1edbi, vi\u1ec7c ph\u00e1t huy gi\u00e1 tr\u1ecb v\u0103n h\u00f3a l\u00e0 y\u1ebfu t\u1ed1 h\u1ebft s\u1ee9c quan tr\u1ecdng \u0111\u1ec3 x\u00e2y d\u1ef1ng n\u1ec1n v\u0103n h\u00f3a Vi\u1ec7t Nam ti\u00ean ti\u1ebfn, \u0111\u1eadm \u0111\u00e0 b\u1ea3n s\u1eafc d\u00e2n t\u1ed9c,<br \/>\n    th\u1ed1ng nh\u1ea5t trong \u0111a d\u1ea1ng \u2013 v\u1edbi kh\u00e1t v\u1ecdng h\u01b0\u1edbng \u0111\u1ebfn s\u1ef1 ti\u1ebfn b\u1ed9, v\u0103n minh v\u00e0 ph\u00e1t tri\u1ec3n \u0111\u1ea5t n\u01b0\u1edbc ph\u1ed3n vinh, h\u1ea1nh ph\u00fac.\n  <\/p>\n<p>\n    C\u00f9ng v\u1edbi kh\u00e1t v\u1ecdng d\u00e2n t\u1ed9c \u0111\u00f3, h\u1ec7 th\u1ed1ng c\u00f4ng ty Di S\u1ea3n mong mu\u1ed1n \u0111\u00f3ng g\u00f3p m\u1ed9t ph\u1ea7n s\u1ee9c l\u1ef1c v\u00e0 tr\u00ed tu\u1ec7 v\u00e0o s\u1ef1 nghi\u1ec7p ph\u00e1t tri\u1ec3n c\u1ee7a \u0111\u1ea5t n\u01b0\u1edbc<br \/>\n    trong k\u1ef7 nguy\u00ean m\u1edbi \u2013 k\u1ef7 nguy\u00ean \u201cv\u01b0\u01a1n m\u00ecnh\u201d c\u1ee7a d\u00e2n t\u1ed9c. C\u00f4ng ty Di S\u1ea3n \u0111\u00e3 l\u1ef1a ch\u1ecdn khai th\u00e1c ba l\u0129nh v\u1ef1c ch\u1ee7 l\u1ef1c:<br \/>\n    <strong>V\u0103n ho\u00e1 \u2013 Gi\u00e1o d\u1ee5c \u2013 Du l\u1ecbch<\/strong> v\u00e0 \u0111\u1ed3ng h\u00e0nh v\u1edbi <strong>Ngh\u1ec1 truy\u1ec1n th\u1ed1ng<\/strong>,<br \/>\n    \u0111\u1ec3 c\u00f9ng nhau ph\u00e1t tri\u1ec3n b\u1ec1n v\u1eefng ph\u00f9 h\u1ee3p t\u1eebng v\u00f9ng mi\u1ec1n \u2013 h\u01b0\u1edbng t\u1edbi m\u1ed9t Vi\u1ec7t Nam h\u00f9ng c\u01b0\u1eddng.\n  <\/p>\n<\/div>\n<p><!-- TI\u00caU \u0110\u1ec0 CH\u00cdNH --><\/p>\n<h2 style=\"text-align: center; margin-top: 40px;\">H\u1ec7 th\u1ed1ng Heritage Vi\u1ec7t Nam, \u0111\u1ed3ng h\u00e0nh c\u00f9ng k\u1ef7 nguy\u00ean m\u1edbi, v\u00ec m\u1ed9t Vi\u1ec7t Nam h\u00f9ng c\u01b0\u1eddng.<\/h2>\n<p><!-- 4 \u1ea2NH CH\u1ee6 \u0110\u1ec0 --><\/p>\n<table style=\"margin: 40px auto;\">\n<tr>\n<td style=\"text-align: center; padding: 20px;\">\n      <img loading=\"lazy\" decoding=\"async\" src=\"https:\/\/heritagevietnam.org.vn\/wp-content\/uploads\/2025\/07\/IMG_7828-300x300.jpeg\" width=\"300\" height=\"300\" style=\"display: block; margin: auto;\"><\/p>\n<div style=\"margin-top: 5px; font-weight: bold;\">V\u0103n Ho\u00e1<\/div>\n<\/td>\n<td style=\"text-align: center; padding: 20px;\">\n      <img loading=\"lazy\" decoding=\"async\" src=\"https:\/\/heritagevietnam.org.vn\/wp-content\/uploads\/2025\/07\/IMG_2-300x300.jpeg\" width=\"300\" height=\"300\" style=\"display: block; margin: auto;\"><\/p>\n<div style=\"margin-top: 5px; font-weight: bold;\">Gi\u00e1o D\u1ee5c<\/div>\n<\/td>\n<td style=\"text-align: center; padding: 20px;\">\n      <img loading=\"lazy\" decoding=\"async\" src=\"https:\/\/heritagevietnam.org.vn\/wp-content\/uploads\/2025\/07\/3-300x300.jpg\" width=\"300\" height=\"300\" style=\"display: block; margin: auto;\"><\/p>\n<div style=\"margin-top: 5px; font-weight: bold;\">Du L\u1ecbch<\/div>\n<\/td>\n<td style=\"text-align: center; padding: 20px;\">\n      <img loading=\"lazy\" decoding=\"async\" src=\"https:\/\/heritagevietnam.org.vn\/wp-content\/uploads\/2025\/07\/4-300x300.jpg\" width=\"300\" height=\"300\" style=\"display: block; margin: auto;\"><\/p>\n<div style=\"margin-top: 5px; font-weight: bold;\">Ngh\u1ec1 Truy\u1ec1n Th\u1ed1ng<\/div>\n<\/td>\n<\/tr>\n<\/table>\n<p><!-- TI\u00caU \u0110\u1ec0 WEB --><\/p>\n<h2 style=\"text-align: center;\">heritagevietnam.org.vn<\/h2>\n<p><!-- DANH S\u00c1CH DI S\u1ea2N --><\/p>\n<div style=\"width: 100%; display: flex; justify-content: center; margin-top: 20px;\">\n<div style=\"border: 1px dashed #aaa; padding: 15px 25px; max-width: 500px;\">\n<ol style=\"margin: 0; padding-left: 20px; font-style: italic; line-height: 1.6;\">\n<li>Heritage \u2013 H\u00f9ng V\u01b0\u01a1ng<\/li>\n<li>Heritage \u2013 Th\u0103ng Long<\/li>\n<li>Heritage \u2013 Ph\u1ed1 Hi\u1ebfn<\/li>\n<li>Heritage \u2013 Tr\u00e0ng An<\/li>\n<li>Heritage \u2013 Hu\u1ebf<\/li>\n<li>Heritage \u2013 H\u1ed9i An<\/li>\n<li>Heritage \u2013 Sea Vi\u1ec7t Nam<\/li>\n<li>Heritage \u2013 T\u00e2y Nguy\u00ean<\/li>\n<li>Heritage \u2013 \u0110\u00f4ng D\u01b0\u01a1ng<\/li>\n<li>Di S\u1ea3n \u0110\u00f4ng Y Vi\u1ec7t Nam<\/li>\n<li>Di S\u1ea3n N\u01b0\u1edbc M\u1eafm Vi\u1ec7t Nam<\/li>\n<li>Di S\u1ea3n v\u00e0 C\u00f4ng Nghi\u1ec7p V\u0103n Ho\u00e1<\/li>\n<li>Kho H\u1ea3i S\u1ea3n Nam H\u1ed9i An<\/li>\n<li>T\u01b0 v\u1ea5n v\u00e0 v\u1eadn h\u00e0nh Di S\u1ea3n<\/li>\n<li>Heritage S\u01a1n Ta<\/li>\n<li>Heritage \u2013 \u0110\u00f4ng Y<\/li>\n<li>Heritage \u2013 Tr\u1ea7m H\u01b0\u01a1ng<\/li>\n<li>V\u01b0\u1eddn Th\u1ea3o D\u01b0\u1ee3c T\u00e2y Nguy\u00ean<\/li>\n<\/ol><\/div>\n<\/div>\n<p><!-- PH\u1ea6N CAM K\u1ebeT --><\/p>\n<div style=\"max-width: 900px; margin: 40px auto; text-align: justify; line-height: 1.6; font-size: 16px;\">\n<p>\n    <strong>Heritage Vi\u1ec7t Nam<\/strong> \u2013 Gi\u1ea3i ph\u00e1p, C\u1ea7u n\u1ed1i, Chung tay ph\u00e1t tri\u1ec3n trong k\u1ef7 nguy\u00ean v\u01b0\u01a1n m\u00ecnh.<br \/>\n    Trong th\u1eddi \u0111\u1ea1i \u0111\u1ed5i m\u1edbi v\u00e0 h\u1ed9i nh\u1eadp s\u00e2u r\u1ed9ng, Heritage Vi\u1ec7t Nam t\u1ef1 h\u00e0o l\u00e0 c\u1ea7u n\u1ed1i b\u1ec1n v\u1eefng gi\u1eefa gi\u00e1 tr\u1ecb truy\u1ec1n th\u1ed1ng v\u00e0 t\u01b0 duy hi\u1ec7n \u0111\u1ea1i.<br \/>\n    V\u1edbi s\u1ee9 m\u1ec7nh cung c\u1ea5p nh\u1eefng gi\u1ea3i ph\u00e1p to\u00e0n di\u1ec7n, ch\u00fang t\u00f4i kh\u00f4ng ch\u1ec9 \u0111\u1ed3ng h\u00e0nh c\u00f9ng doanh nghi\u1ec7p v\u00e0 c\u1ed9ng \u0111\u1ed3ng,<br \/>\n    m\u00e0 c\u00f2n ki\u1ebfn t\u1ea1o h\u1ec7 sinh th\u00e1i h\u1ee3p t\u00e1c hi\u1ec7u qu\u1ea3 \u2013 n\u01a1i m\u1ecdi ngu\u1ed3n l\u1ef1c c\u00f9ng chung tay ph\u00e1t tri\u1ec3n v\u00ec m\u1ed9t t\u01b0\u01a1ng lai b\u1ec1n v\u1eefng.\n  <\/p>\n<p>\n    <strong>\u201cV\u01b0\u01a1n m\u00ecnh\u201d<\/strong> kh\u00f4ng ch\u1ec9 l\u00e0 t\u1ea7m nh\u00ecn, m\u00e0 l\u00e0 cam k\u1ebft h\u00e0nh \u0111\u1ed9ng \u2013 d\u1eabn d\u1eaft s\u1ef1 chuy\u1ec3n m\u00ecnh c\u1ee7a Vi\u1ec7t Nam trong k\u1ef7 nguy\u00ean s\u1ed1,<br \/>\n    k\u1ebft n\u1ed1i gi\u00e1 tr\u1ecb di s\u1ea3n v\u1edbi \u0111\u1ed9t ph\u00e1 c\u00f4ng ngh\u1ec7, \u0111\u1ec3 m\u1ed7i b\u01b0\u1edbc \u0111i h\u00f4m nay tr\u1edf th\u00e0nh n\u1ec1n m\u00f3ng v\u1eefng ch\u1eafc cho ng\u00e0y mai.\n  <\/p>\n<\/div>\n","protected":false},"excerpt":{"rendered":"<p>L\u1ecbch s\u1eed h\u00e0ng ngh\u00ecn n\u0103m d\u1ef1ng n\u01b0\u1edbc v\u00e0 gi\u1eef n\u01b0\u1edbc c\u1ee7a d\u00e2n t\u1ed9c ta \u0111\u00e3 b\u1ed3i \u0111\u1eafp n\u00ean b\u1ea3n l\u0129nh, tr\u00ed tu\u1ec7 c\u1ee7a con ng\u01b0\u1eddi Vi\u1ec7t Nam, k\u1ebft tinh th\u00e0nh c\u00e1c gi\u00e1 tr\u1ecb v\u0103n ho\u00e1 \u2013 t\u1ea1o n\u00ean s\u1ee9c m\u1ea1nh n\u1ed9i sinh gi\u00fap d\u00e2n t\u1ed9c v\u01b0\u1ee3t qua v\u00f4 v\u00e0n kh\u00f3 kh\u0103n, th\u1eed th\u00e1ch kh\u1eafc nghi\u1ec7t [&hellip;]<\/p>\n","protected":false},"author":1,"featured_media":0,"parent":0,"menu_order":0,"comment_status":"closed","ping_status":"open","template":"","meta":{"footnotes":""},"class_list":["post-41","page","type-page","status-publish","hentry"],"_links":{"self":[{"href":"https:\/\/heritagevietnam.org.vn\/index.php\/wp-json\/wp\/v2\/pages\/41","targetHints":{"allow":["GET"]}}],"collection":[{"href":"https:\/\/heritagevietnam.org.vn\/index.php\/wp-json\/wp\/v2\/pages"}],"about":[{"href":"https:\/\/heritagevietnam.org.vn\/index.php\/wp-json\/wp\/v2\/types\/page"}],"author":[{"embeddable":true,"href":"https:\/\/heritagevietnam.org.vn\/index.php\/wp-json\/wp\/v2\/users\/1"}],"replies":[{"embeddable":true,"href":"https:\/\/heritagevietnam.org.vn\/index.php\/wp-json\/wp\/v2\/comments?post=41"}],"version-history":[{"count":12,"href":"https:\/\/heritagevietnam.org.vn\/index.php\/wp-json\/wp\/v2\/pages\/41\/revisions"}],"predecessor-version":[{"id":518,"href":"https:\/\/heritagevietnam.org.vn\/index.php\/wp-json\/wp\/v2\/pages\/41\/revisions\/518"}],"wp:attachment":[{"href":"https:\/\/heritagevietnam.org.vn\/index.php\/wp-json\/wp\/v2\/media?parent=41"}],"curies":[{"name":"wp","href":"https:\/\/api.w.org\/{rel}","templated":true}]}}